
{"id":1793,"date":"2011-05-21T19:11:00","date_gmt":"2011-05-21T19:11:00","guid":{"rendered":"http:\/\/www.tatyanefonoaudiologa.com.br\/?page_id=1793"},"modified":"2025-01-20T09:20:45","modified_gmt":"2025-01-20T09:20:45","slug":"dentista-dr-eliano","status":"publish","type":"page","link":"https:\/\/www.tatyanefonoaudiologa.com.br\/?page_id=1793","title":{"rendered":"Dentista: Dr Eliano"},"content":{"rendered":"<h2 style=\"text-align: center;\"><span style=\"color: #008000;\">Eliano da Fonseca Reis<\/span><\/h2>\r\n<h3 style=\"text-align: center;\">Odont\u00f3logo pela UNINCOR (Universidade Vale do Rio Verde). Tr\u00eas Cora\u00e7\u00f5es &#8211; MG \/ Ano de 2001.<\/h3>\r\n<h3 style=\"text-align: center;\">Analista Executivo da Defesa Social do Estado de Minas Gerias (<em>Odont\u00f3logo<\/em>)<\/h3>\r\n<p style=\"text-align: center;\">Registro &#8211; CROMG: 28345<\/p>\r\n\r\n<h3><span style=\"color: #008000;\">Especialista:<\/span><\/h3>\r\nPr\u00f3tese Dent\u00e1ria <a href=\"https:\/\/breitlingreplica.io\/\">best Breitling replica watches<\/a>\u00a0e Reabilita\u00e7\u00e3o Oral pela Universidade Vale do Rio Verde &#8211; Tr\u00eas Cora\u00e7\u00f5es &#8211; M.G;\r\n\r\nOrtodontia pela ABO &#8211; Itajub\u00e1 &#8211; MG.\r\n<h3><span style=\"color: #008000;\">Aperfei\u00e7oamento:<\/span><\/h3>\r\nOrtopedia Funcional dos Maxilares com\u00a0<a href=\"https:\/\/hospitalityaction.org.uk\/fonts\/breitling.asp\">replica watches uk<\/a> o prof. Dr. Orlando Santiago J\u00fanior &#8211; ABO &#8211; Itajub\u00e1 &#8211; M.G.\u00a0<a href=\"https:\/\/rolexreplicaexpert.com\/\">best replica watches site<\/a>\r\n<h3><span style=\"color: #008000;\">Ministro Atendimentos:<\/span><\/h3>\r\n<ul class=\"bullet\">\r\n\r\n&nbsp;\r\n<ul>\r\n \t<li>Consult\u00f3rio: Av. Cel. Francisco\u00a0<a href=\"https:\/\/www.atswatch.com\/\">cheap replica watches<\/a> Ant\u00f4nio Pereira, 379, Centro &#8211; Tr\u00eas Cora\u00e7\u00f5es &#8211; M.G.\u00a0<a href=\"https:\/\/www.nursewatches.co.uk\/\">replica watch<\/a><\/li>\r\n \t<li><a href=\"https:\/\/watchfora.com\/\">best replica watches<\/a>\u00a0Lumin\u00e1rias &#8211; M.G.<\/li>\r\n<\/ul>\r\n&nbsp;\r\n\r\n<\/ul>\r\n<h3><span style=\"color: #008000;\">Contatos:<\/span><\/h3>\r\n<strong>Tel.:<\/strong> (35) 3231-2035\r\n\r\n<strong>E-mail:<\/strong> eliano.reis@defesasocial.mg.gov.br","protected":false},"excerpt":{"rendered":"<p>Eliano da Fonseca Reis Odont\u00f3logo pela UNINCOR (Universidade Vale do Rio Verde). Tr\u00eas Cora\u00e7\u00f5es &#8211; MG \/ Ano de 2001. Analista Executivo da Defesa Social do Estado de Minas Gerias (Odont\u00f3logo) Registro &#8211; CROMG: 28345 Especialista: Pr\u00f3tese Dent\u00e1ria best Breitling replica watches\u00a0e Reabilita\u00e7\u00e3o Oral pela Universidade Vale do Rio Verde &#8211; Tr\u00eas Cora\u00e7\u00f5es &#8211; M.G; Ortodontia pela ABO &#8211; Itajub\u00e1 &#8211; MG. Aperfei\u00e7oamento: Ortopedia Funcional dos Maxilares com\u00a0replica watches uk o prof. Dr. Orlando Santiago J\u00fanior &#8211; ABO &#8211; Itajub\u00e1 &#8211; M.G.\u00a0best replica watches site Ministro Atendimentos: Contatos: Tel.: (35) 3231-2035 E-mail: eliano.reis@defesasocial.mg.gov.br<\/p>\n","protected":false},"author":1,"featured_media":0,"parent":0,"menu_order":0,"comment_status":"open","ping_status":"closed","template":"","meta":{"footnotes":""},"class_list":["post-1793","page","type-page","status-publish","hentry"],"_links":{"self":[{"href":"https:\/\/www.tatyanefonoaudiologa.com.br\/index.php?rest_route=\/wp\/v2\/pages\/1793","targetHints":{"allow":["GET"]}}],"collection":[{"href":"https:\/\/www.tatyanefonoaudiologa.com.br\/index.php?rest_route=\/wp\/v2\/pages"}],"about":[{"href":"https:\/\/www.tatyanefonoaudiologa.com.br\/index.php?rest_route=\/wp\/v2\/types\/page"}],"author":[{"embeddable":true,"href":"https:\/\/www.tatyanefonoaudiologa.com.br\/index.php?rest_route=\/wp\/v2\/users\/1"}],"replies":[{"embeddable":true,"href":"https:\/\/www.tatyanefonoaudiologa.com.br\/index.php?rest_route=%2Fwp%2Fv2%2Fcomments&post=1793"}],"version-history":[{"count":14,"href":"https:\/\/www.tatyanefonoaudiologa.com.br\/index.php?rest_route=\/wp\/v2\/pages\/1793\/revisions"}],"predecessor-version":[{"id":2492,"href":"https:\/\/www.tatyanefonoaudiologa.com.br\/index.php?rest_route=\/wp\/v2\/pages\/1793\/revisions\/2492"}],"wp:attachment":[{"href":"https:\/\/www.tatyanefonoaudiologa.com.br\/index.php?rest_route=%2Fwp%2Fv2%2Fmedia&parent=1793"}],"curies":[{"name":"wp","href":"https:\/\/api.w.org\/{rel}","templated":true}]}}