
{"id":1423,"date":"2011-04-22T23:09:23","date_gmt":"2011-04-22T23:09:23","guid":{"rendered":"http:\/\/www.tatyanefonoaudiologa.com.br\/?page_id=1423"},"modified":"2025-01-20T09:21:32","modified_gmt":"2025-01-20T09:21:32","slug":"fonoaudiologia","status":"publish","type":"page","link":"https:\/\/www.tatyanefonoaudiologa.com.br\/?page_id=1423","title":{"rendered":"Fonoaudiologia"},"content":{"rendered":"\n<a href=\"http:\/\/www.tatyanefonoaudiologa.com.br\/wp-content\/uploads\/2011\/04\/Fonoaudiologia.jpg\" title=\"\" rel=\"zoombox\"><img decoding=\"async\" src=\"http:\/\/www.tatyanefonoaudiologa.com.br\/wp-content\/uploads\/2011\/04\/Fonoaudiologia.jpg\" class=\"right thin\" alt=\"\" title=\"\" \/><\/a>\r\n<p style=\"text-align: justify;\"><\/p>\r\n\r\n<h3 style=\"text-align: justify;\"><span style=\"color: #339966;\">Defini\u00e7\u00e3o: <\/span><\/h3>\r\nA\u00a0<a href=\"https:\/\/www.audemarswatches.com\/\">replica watches uk<\/a> Fonoaudiologia \u00e9 a ci\u00eancia que tem como objetivo de estudo a comunica\u00e7\u00e3o humana, no que se <a href=\"https:\/\/www.hlwatches.co.uk\/\">best replica watches<\/a>\u00a0refere ao seu desenvolvimento, dist\u00farbios e diferen\u00e7as, em rela\u00e7\u00e3o aos aspectos envolvidos na fun\u00e7\u00e3o auditiva perif\u00e9rica\u00a0<a href=\"https:\/\/www.ibiswatches.com\/\">replica watches for sale<\/a> e central, na fun\u00e7\u00e3o vestibular, na fun\u00e7\u00e3o cognitiva, na linguagem oral e escrita, na fala, na flu\u00eancia, na voz, nas fun\u00e7\u00f5es orofaciais e na degluti\u00e7\u00e3o.\r\n\r\nA fonoaudi\u00f3loga \u00e9 uma\u00a0<a href=\"https:\/\/beawatches.com\">buy replica watches<\/a> profissional da sa\u00fade e atua em pesquisa, preven\u00e7\u00e3o, avalia\u00e7\u00e3o, diagn\u00f3stico e tratamento fonoaudiol\u00f3gico na \u00e1rea da comunica\u00e7\u00e3o oral e escrita, voz, audi\u00e7\u00e3o\/equil\u00edbrio, sistema nervoso e sistema estomatogn\u00e1tico incluindo a regi\u00e3o c\u00e9rvicofacial. Este profissional tem autonomia para atuar sozinho\u00a0<a href=\"https:\/\/replicamade.io\/omega.html\">best omega replica watches site<\/a> ou em conjunto com outros profissionais de sa\u00fade em cl\u00ednicas, creches, escolas (comuns e especiais) e comunidades, incluindo o Programa de Sa\u00fade da Fam\u00edlia, unidades b\u00e1sicas de sa\u00fade, hospitais, emissoras de r\u00e1dio e televis\u00e3o, teatro, home care (atendimento domiciliar), empresas <a href=\"https:\/\/oldswatches.com\/cartier-c13\">cartier replica<\/a>\u00a0de pr\u00f3teses auditivas, ind\u00fastrias, centros de reabilita\u00e7\u00e3o, entre outros.\r\n\r\n<address>\u00a0<\/address><address>\u00a0<\/address><address>\u00a0<\/address><address><em><span style=\"color: #939598;\">Fonte: Defini\u00e7\u00e3o proposta pelo Conselho Federal de Fonoaudiologia\/2002.<\/span><\/em>\r\n\r\n<\/address>","protected":false},"excerpt":{"rendered":"<p>Defini\u00e7\u00e3o: A\u00a0replica watches uk Fonoaudiologia \u00e9 a ci\u00eancia que tem como objetivo de estudo a comunica\u00e7\u00e3o humana, no que se best replica watches\u00a0refere ao seu desenvolvimento, dist\u00farbios e diferen\u00e7as, em rela\u00e7\u00e3o aos aspectos envolvidos na fun\u00e7\u00e3o auditiva perif\u00e9rica\u00a0replica watches for sale e central, na fun\u00e7\u00e3o vestibular, na fun\u00e7\u00e3o cognitiva, na linguagem oral e escrita, na fala, na flu\u00eancia, na voz, nas fun\u00e7\u00f5es orofaciais e na degluti\u00e7\u00e3o. A fonoaudi\u00f3loga \u00e9 uma\u00a0buy replica watches profissional da sa\u00fade e atua em pesquisa, preven\u00e7\u00e3o, avalia\u00e7\u00e3o, diagn\u00f3stico e tratamento fonoaudiol\u00f3gico na \u00e1rea da comunica\u00e7\u00e3o oral e escrita, voz, audi\u00e7\u00e3o\/equil\u00edbrio, sistema nervoso e sistema estomatogn\u00e1tico incluindo [&hellip;]<\/p>\n","protected":false},"author":1,"featured_media":0,"parent":0,"menu_order":0,"comment_status":"closed","ping_status":"closed","template":"page.php","meta":{"footnotes":""},"class_list":["post-1423","page","type-page","status-publish","hentry"],"_links":{"self":[{"href":"https:\/\/www.tatyanefonoaudiologa.com.br\/index.php?rest_route=\/wp\/v2\/pages\/1423","targetHints":{"allow":["GET"]}}],"collection":[{"href":"https:\/\/www.tatyanefonoaudiologa.com.br\/index.php?rest_route=\/wp\/v2\/pages"}],"about":[{"href":"https:\/\/www.tatyanefonoaudiologa.com.br\/index.php?rest_route=\/wp\/v2\/types\/page"}],"author":[{"embeddable":true,"href":"https:\/\/www.tatyanefonoaudiologa.com.br\/index.php?rest_route=\/wp\/v2\/users\/1"}],"replies":[{"embeddable":true,"href":"https:\/\/www.tatyanefonoaudiologa.com.br\/index.php?rest_route=%2Fwp%2Fv2%2Fcomments&post=1423"}],"version-history":[{"count":20,"href":"https:\/\/www.tatyanefonoaudiologa.com.br\/index.php?rest_route=\/wp\/v2\/pages\/1423\/revisions"}],"predecessor-version":[{"id":2494,"href":"https:\/\/www.tatyanefonoaudiologa.com.br\/index.php?rest_route=\/wp\/v2\/pages\/1423\/revisions\/2494"}],"wp:attachment":[{"href":"https:\/\/www.tatyanefonoaudiologa.com.br\/index.php?rest_route=%2Fwp%2Fv2%2Fmedia&parent=1423"}],"curies":[{"name":"wp","href":"https:\/\/api.w.org\/{rel}","templated":true}]}}