
{"id":1384,"date":"2011-04-22T21:58:17","date_gmt":"2011-04-22T21:58:17","guid":{"rendered":"http:\/\/www.tatyanefonoaudiologa.com.br\/?page_id=1384"},"modified":"2024-12-23T07:17:02","modified_gmt":"2024-12-23T07:17:02","slug":"a-profissional","status":"publish","type":"page","link":"https:\/\/www.tatyanefonoaudiologa.com.br\/?page_id=1384","title":{"rendered":"A Profissional"},"content":{"rendered":"<h3 style=\"text-align: center;\"><span style=\"color: #000000;\">Fonoaudi\u00f3loga Cl\u00ednica, formada pela USF (Universidade S\u00e3o Francisco). <\/span><\/h3>\r\n<p style=\"text-align: center;\"><\/p>\r\n\r\n<h3><span style=\"color: #008000;\">Especialista registrada no Conselho Federal de Fonoaudiologia:<\/span><\/h3>\r\n<a href=\"https:\/\/replicawatcheslondon.com\/panerai.html\">panerai Replica<\/a>\r\n\r\n<a href=\"https:\/\/replicamade.io\/omega.html\">replica omega watches<\/a>\r\n\r\n<a href=\"https:\/\/www.barnsleylocksmiths24h.co.uk\/breitling.asp\">buy replica watches<\/a>\r\n\r\n\u201cMotricidade Orofacial \/ Oncologia\u201d pelo Centro de Tratamento e Pesquisa do Hospital A.C.Camargo C\u00e2ncer Center. S\u00e3o Paulo &#8211; SP\r\n<h3><span style=\"color: #008000;\">Aperfei\u00e7oamentos:<\/span><\/h3>\r\n<ul class=\"bullet\">\r\n<ul>\r\n \t<li>Linguagem e Comunica\u00e7\u00e3o Suplementar e Alternativa (CSA) &#8211; S\u00e3o Paulo &#8211; SP<\/li>\r\n \t<li>Disfagia &#8211; S\u00e3o Paulo &#8211; SP<\/li>\r\n<\/ul>\r\n<\/ul>\r\n<h3><span style=\"color: #008000;\">Ministro Atendimentos:<\/span><\/h3>\r\n<ul class=\"bullet\">\r\n<ul>\r\n \t<li>Hospital \/ APS &#8211; Santa Marcelina &#8211; S\u00e3o Paulo &#8211; SP<\/li>\r\n \t<li>Consultoria<\/li>\r\n<\/ul>\r\n<\/ul>\r\n<h3><span style=\"color: #008000;\">Atua\u00e7\u00f5es:<\/span><\/h3>\r\n<ul class=\"bullet\">\r\n<ul>\r\n \t<li>Altera\u00e7\u00f5es Posturais de L\u00edngua (Fala\/Degluti\u00e7\u00e3o)<\/li>\r\n \t<li>Linguagem Oral (Trocas\/Omiss\u00f5es na Fala)\/ Afasias<\/li>\r\n \t<li>Voz (Les\u00f5es Benignas da Laringe)<\/li>\r\n \t<li>Disfagias Orofar\u00edngeas: Mec\u00e2nica\/Neurog\u00eanica<\/li>\r\n \t<li>C\u00e2ncer de cabe\u00e7a e pesco\u00e7o, com enfoque em degluti\u00e7\u00e3o<\/li>\r\n \t<li>Pr\u00e9 e P\u00f3s Cirurgia Ortogn\u00e1tica<\/li>\r\n \t<li>Respira\u00e7\u00e3o Oral<\/li>\r\n \t<li>Mastiga\u00e7\u00e3o<\/li>\r\n \t<li>Ronco<\/li>\r\n \t<li>M\u00e9todo Therapy Taping (Terapia com Bandagem)<\/li>\r\n \t<li>LIBRAS (B\u00e1sico)<\/li>\r\n \t<li>Auriculoterapia<\/li>\r\n<\/ul>\r\n<\/ul>","protected":false},"excerpt":{"rendered":"<p>Fonoaudi\u00f3loga Cl\u00ednica, formada pela USF (Universidade S\u00e3o Francisco). Especialista registrada no Conselho Federal de Fonoaudiologia: panerai Replica replica omega watches buy replica watches \u201cMotricidade Orofacial \/ Oncologia\u201d pelo Centro de Tratamento e Pesquisa do Hospital A.C.Camargo C\u00e2ncer Center. S\u00e3o Paulo &#8211; SP Aperfei\u00e7oamentos: Ministro Atendimentos: Atua\u00e7\u00f5es:<\/p>\n","protected":false},"author":1,"featured_media":0,"parent":0,"menu_order":0,"comment_status":"closed","ping_status":"closed","template":"page.php","meta":{"footnotes":""},"class_list":["post-1384","page","type-page","status-publish","hentry"],"_links":{"self":[{"href":"https:\/\/www.tatyanefonoaudiologa.com.br\/index.php?rest_route=\/wp\/v2\/pages\/1384","targetHints":{"allow":["GET"]}}],"collection":[{"href":"https:\/\/www.tatyanefonoaudiologa.com.br\/index.php?rest_route=\/wp\/v2\/pages"}],"about":[{"href":"https:\/\/www.tatyanefonoaudiologa.com.br\/index.php?rest_route=\/wp\/v2\/types\/page"}],"author":[{"embeddable":true,"href":"https:\/\/www.tatyanefonoaudiologa.com.br\/index.php?rest_route=\/wp\/v2\/users\/1"}],"replies":[{"embeddable":true,"href":"https:\/\/www.tatyanefonoaudiologa.com.br\/index.php?rest_route=%2Fwp%2Fv2%2Fcomments&post=1384"}],"version-history":[{"count":90,"href":"https:\/\/www.tatyanefonoaudiologa.com.br\/index.php?rest_route=\/wp\/v2\/pages\/1384\/revisions"}],"predecessor-version":[{"id":2467,"href":"https:\/\/www.tatyanefonoaudiologa.com.br\/index.php?rest_route=\/wp\/v2\/pages\/1384\/revisions\/2467"}],"wp:attachment":[{"href":"https:\/\/www.tatyanefonoaudiologa.com.br\/index.php?rest_route=%2Fwp%2Fv2%2Fmedia&parent=1384"}],"curies":[{"name":"wp","href":"https:\/\/api.w.org\/{rel}","templated":true}]}}